{"id":7866,"date":"2021-10-28T16:50:41","date_gmt":"2021-10-28T14:50:41","guid":{"rendered":"http:\/\/urifoon.si\/?post_type=product&#038;p=7866"},"modified":"2022-04-13T15:03:52","modified_gmt":"2022-04-13T13:03:52","slug":"spodnje-hlace-s-senzorjem-za-deklice-152-158","status":"publish","type":"product","link":"https:\/\/urifoon.tehmed.si\/index.php\/product\/spodnje-hlace-s-senzorjem-za-deklice-152-158\/","title":{"rendered":"Spodnje hla\u010de s senzorjem za deklice (152 &#8211; 158)"},"content":{"rendered":"<p>Spodnje hla\u010de s senzorjem so videti kot obi\u010dajne spodnje hla\u010de. Vendar pa je v njih dodan poseben senzor za zaznavanje urina. Na zgornjem robu spodnjih hla\u010d s senzorjem sta pritrjena tudi dva potisna gumba, kjer se lahko priklju\u010di oddajnik za brez\u017ei\u010dno povezavo z alarmom kot opozorilom.<\/p>\n<p>&nbsp;<\/p>\n<p>Urifoon-ove spodnje hla\u010de s senzorjem so na voljo v velikosti 104 &#8211; 110, 116 &#8211; 122, 128 &#8211; 134, 140 &#8211; 146, 152 &#8211; 158, 164 &#8211; 170, 176 &#8211; 182.<\/p>\n<p>&nbsp;<\/p>\n<p>Seveda je model hla\u010d za deklice in fante druga\u010den.<\/p>\n<p>&nbsp;<\/p>\n<p>Opremljene so z navodili za pranje.<\/p>\n","protected":false},"excerpt":{"rendered":"<p>Spodnje hla\u010de s senzorjem so videti kot obi\u010dajne spodnje hla\u010de. Vendar pa je v njih dodan poseben senzor za zaznavanje urina. Na zgornjem robu spodnjih hla\u010d s senzorjem sta pritrjena tudi dva potisna gumba, kjer se lahko priklju\u010di oddajnik za brez\u017ei\u010dno povezavo z alarmom kot opozorilom. &nbsp; Urifoon-ove spodnje hla\u010de s senzorjem so na voljo &#8230; <a class=\"more-link\" href=\"https:\/\/urifoon.tehmed.si\/index.php\/product\/spodnje-hlace-s-senzorjem-za-deklice-152-158\/\">Continue reading<\/a><\/p>\n","protected":false},"featured_media":3476,"comment_status":"open","ping_status":"closed","template":"","meta":[],"product_cat":[60,76],"product_tag":[],"_links":{"self":[{"href":"https:\/\/urifoon.tehmed.si\/index.php\/wp-json\/wp\/v2\/product\/7866"}],"collection":[{"href":"https:\/\/urifoon.tehmed.si\/index.php\/wp-json\/wp\/v2\/product"}],"about":[{"href":"https:\/\/urifoon.tehmed.si\/index.php\/wp-json\/wp\/v2\/types\/product"}],"replies":[{"embeddable":true,"href":"https:\/\/urifoon.tehmed.si\/index.php\/wp-json\/wp\/v2\/comments?post=7866"}],"wp:featuredmedia":[{"embeddable":true,"href":"https:\/\/urifoon.tehmed.si\/index.php\/wp-json\/wp\/v2\/media\/3476"}],"wp:attachment":[{"href":"https:\/\/urifoon.tehmed.si\/index.php\/wp-json\/wp\/v2\/media?parent=7866"}],"wp:term":[{"taxonomy":"product_cat","embeddable":true,"href":"https:\/\/urifoon.tehmed.si\/index.php\/wp-json\/wp\/v2\/product_cat?post=7866"},{"taxonomy":"product_tag","embeddable":true,"href":"https:\/\/urifoon.tehmed.si\/index.php\/wp-json\/wp\/v2\/product_tag?post=7866"}],"curies":[{"name":"wp","href":"https:\/\/api.w.org\/{rel}","templated":true}]}}