{"id":3806,"date":"2018-08-09T12:23:48","date_gmt":"2018-08-09T10:23:48","guid":{"rendered":"http:\/\/urifoon.si\/?post_type=product&#038;p=3806"},"modified":"2021-10-28T16:46:23","modified_gmt":"2021-10-28T14:46:23","slug":"spodnje-hlace-s-senzorjem-za-fante-140-146","status":"publish","type":"product","link":"https:\/\/urifoon.tehmed.si\/index.php\/product\/spodnje-hlace-s-senzorjem-za-fante-140-146\/","title":{"rendered":"Spodnje hla\u010de s senzorjem za fante (140 &#8211; 146)"},"content":{"rendered":"<p>Spodnje hla\u010de s senzorjem so videti kot obi\u010dajne spodnje hla\u010de. Vendar pa je v njih dodan poseben senzor za zaznavanje urina. Na zgornjem robu spodnjih hla\u010d s senzorjem sta pritrjena tudi dva potisna gumba, kjer se lahko priklju\u010di oddajnik za brez\u017ei\u010dno povezavo z alarmom kot opozorilom.<\/p>\n<p>&nbsp;<\/p>\n<p>Urifoon-ove spodnje hla\u010de s senzorjem so na voljo v velikosti 104 &#8211; 110, 116 &#8211; 122, 128 &#8211; 134, 140 &#8211; 146, 152 &#8211; 158, 164 &#8211; 170, 176 &#8211; 182.<\/p>\n<p>&nbsp;<\/p>\n<p>Seveda je model hla\u010d za fante in deklice druga\u010den.<\/p>\n<p>&nbsp;<\/p>\n<p>Opremljene so z navodili za pranje.<\/p>\n","protected":false},"excerpt":{"rendered":"<p>Spodnje hla\u010de s senzorjem so videti kot obi\u010dajne spodnje hla\u010de. Vendar pa je v njih dodan poseben senzor za zaznavanje urina. Na zgornjem robu spodnjih hla\u010d s senzorjem sta pritrjena tudi dva potisna gumba, kjer se lahko priklju\u010di oddajnik za brez\u017ei\u010dno povezavo z alarmom kot opozorilom. &nbsp; Urifoon-ove spodnje hla\u010de s senzorjem so na voljo &#8230; <a class=\"more-link\" href=\"https:\/\/urifoon.tehmed.si\/index.php\/product\/spodnje-hlace-s-senzorjem-za-fante-140-146\/\">Continue reading<\/a><\/p>\n","protected":false},"featured_media":3475,"comment_status":"open","ping_status":"closed","template":"","meta":[],"product_cat":[60,69],"product_tag":[],"_links":{"self":[{"href":"https:\/\/urifoon.tehmed.si\/index.php\/wp-json\/wp\/v2\/product\/3806"}],"collection":[{"href":"https:\/\/urifoon.tehmed.si\/index.php\/wp-json\/wp\/v2\/product"}],"about":[{"href":"https:\/\/urifoon.tehmed.si\/index.php\/wp-json\/wp\/v2\/types\/product"}],"replies":[{"embeddable":true,"href":"https:\/\/urifoon.tehmed.si\/index.php\/wp-json\/wp\/v2\/comments?post=3806"}],"wp:featuredmedia":[{"embeddable":true,"href":"https:\/\/urifoon.tehmed.si\/index.php\/wp-json\/wp\/v2\/media\/3475"}],"wp:attachment":[{"href":"https:\/\/urifoon.tehmed.si\/index.php\/wp-json\/wp\/v2\/media?parent=3806"}],"wp:term":[{"taxonomy":"product_cat","embeddable":true,"href":"https:\/\/urifoon.tehmed.si\/index.php\/wp-json\/wp\/v2\/product_cat?post=3806"},{"taxonomy":"product_tag","embeddable":true,"href":"https:\/\/urifoon.tehmed.si\/index.php\/wp-json\/wp\/v2\/product_tag?post=3806"}],"curies":[{"name":"wp","href":"https:\/\/api.w.org\/{rel}","templated":true}]}}