{"id":3481,"date":"2018-04-17T11:48:45","date_gmt":"2018-04-17T09:48:45","guid":{"rendered":"http:\/\/urifoon.si\/?post_type=product&#038;p=3481"},"modified":"2022-11-21T12:45:59","modified_gmt":"2022-11-21T11:45:59","slug":"mickey-brezzicni-alarm","status":"publish","type":"product","link":"https:\/\/urifoon.tehmed.si\/index.php\/product\/mickey-brezzicni-alarm\/","title":{"rendered":"Mickey brez\u017ei\u010dni alarm"},"content":{"rendered":"<p>Otrokom prijazno oblikovan brez\u017ei\u010dni alarm za normalno udobno spanje. Alarm kot opozorilo za odvajanja mo\u010denja postelje ponuja 5 razli\u010dnih alarmnih signalov. \u00a0Glasnost lahko enostavno prilagodite.<\/p>\n<p><strong>Lasnosti Mickey<br \/>\n<\/strong>\u2022 Prijazna zasnova in zelo enostavna uporaba<br \/>\n\u2022 Izbira 5 razli\u010dnih alarmov<br \/>\n\u2022 Lo\u010den signal svetlobe, ko je oddajnik akumolatorja skoraj prazen<br \/>\n\u2022 Sprejemnik je opremljen z no\u010dno svetlobo<br \/>\n\u2022 Oddajnik vsebuje 3V baterijo (CR 2032)<br \/>\n\u2022 Velikost sprejemnika: 12 x 7 x 4 cm<br \/>\n\u2022 Velikost oddajnika: 5 x 4 x 0.8 cm<\/p>\n<p><strong>Uporaba<\/strong><strong><br \/>\n<\/strong>Znanstvene raziskave ka\u017eejo, da je pri motiviranih otrocih usposabljanje z alarmom kot opozorilom za odvajanja mo\u010denje postelje v 3 mesecih 90% uporabnikov suhih oz. da ne mo\u010dijo postelje.<\/p>\n<p><strong>Prikazana cena <\/strong><strong><br \/>\n<\/strong>Cena vklju\u010duje adapter za sprejemnik, oddajnik, baterije za oddajnik, tabelo rezultatov na no\u010d, uporabni\u0161ki priro\u010dnik.<\/p>\n<p>Spodnje hla\u010de s senzorjem je potrebno kupiti lo\u010deno.<\/p>\n","protected":false},"excerpt":{"rendered":"<p>Otrokom prijazno oblikovan brez\u017ei\u010dni alarm za normalno udobno spanje. Alarm kot opozorilo za odvajanja mo\u010denja postelje ponuja 5 razli\u010dnih alarmnih signalov. \u00a0Glasnost lahko enostavno prilagodite. Lasnosti Mickey \u2022 Prijazna zasnova in zelo enostavna uporaba \u2022 Izbira 5 razli\u010dnih alarmov \u2022 Lo\u010den signal svetlobe, ko je oddajnik akumolatorja skoraj prazen \u2022 Sprejemnik je opremljen z no\u010dno &#8230; <a class=\"more-link\" href=\"https:\/\/urifoon.tehmed.si\/index.php\/product\/mickey-brezzicni-alarm\/\">Continue reading<\/a><\/p>\n","protected":false},"featured_media":3480,"comment_status":"open","ping_status":"closed","template":"","meta":[],"product_cat":[71,60,78],"product_tag":[],"_links":{"self":[{"href":"https:\/\/urifoon.tehmed.si\/index.php\/wp-json\/wp\/v2\/product\/3481"}],"collection":[{"href":"https:\/\/urifoon.tehmed.si\/index.php\/wp-json\/wp\/v2\/product"}],"about":[{"href":"https:\/\/urifoon.tehmed.si\/index.php\/wp-json\/wp\/v2\/types\/product"}],"replies":[{"embeddable":true,"href":"https:\/\/urifoon.tehmed.si\/index.php\/wp-json\/wp\/v2\/comments?post=3481"}],"wp:featuredmedia":[{"embeddable":true,"href":"https:\/\/urifoon.tehmed.si\/index.php\/wp-json\/wp\/v2\/media\/3480"}],"wp:attachment":[{"href":"https:\/\/urifoon.tehmed.si\/index.php\/wp-json\/wp\/v2\/media?parent=3481"}],"wp:term":[{"taxonomy":"product_cat","embeddable":true,"href":"https:\/\/urifoon.tehmed.si\/index.php\/wp-json\/wp\/v2\/product_cat?post=3481"},{"taxonomy":"product_tag","embeddable":true,"href":"https:\/\/urifoon.tehmed.si\/index.php\/wp-json\/wp\/v2\/product_tag?post=3481"}],"curies":[{"name":"wp","href":"https:\/\/api.w.org\/{rel}","templated":true}]}}