{"id":3426,"date":"2018-04-16T12:07:50","date_gmt":"2018-04-16T11:07:50","guid":{"rendered":"http:\/\/urifoon.si\/?post_type=product&#038;p=3426"},"modified":"2018-09-14T11:15:13","modified_gmt":"2018-09-14T09:15:13","slug":"spodnje-hlace-za-zenske-bele-midi-z-visokim-pasom","status":"publish","type":"product","link":"https:\/\/urifoon.tehmed.si\/index.php\/product\/spodnje-hlace-za-zenske-bele-midi-z-visokim-pasom\/","title":{"rendered":"Spodnje hla\u010de za \u017eenske \u2013 bele (midi) z visokim pasom"},"content":{"rendered":"<p>Lepe, bele z visokim pasom spodnje hla\u010de, katere se odli\u010dno prilegajo. Ne smejo manjkati v va\u0161i garderobi, \u010de imate te\u017eavo z rahlim uhajanjem urina. Zelo udobne za uporabo. Cena na komad.<\/p>\n<p>&nbsp;<\/p>\n<p><strong>Vpojnost<\/strong><\/p>\n<p>Vpojnost je pribli\u017eno 125 ml v 4 urnem obdobju. Zato je zelo primerno za zbiranje kapljic<\/p>\n<p>ali curkov (urin in \/ ali teko\u010de blato).<\/p>\n<p>&nbsp;<\/p>\n<p><strong>Material<\/strong><\/p>\n<p>95% bomba\u017e, 5% elastan<\/p>\n<p><img decoding=\"async\" loading=\"lazy\" class=\"alignnone size-full wp-image-3406\" src=\"http:\/\/urifoon.si\/wp-content\/uploads\/2018\/04\/IKONE.gif\" alt=\"\" width=\"151\" height=\"33\" \/><\/p>\n<p><strong>Velikosti:<\/strong><\/p>\n<p>38\/40, 40\/42, 42\/44, 44\/46, 46\/48<\/p>\n","protected":false},"excerpt":{"rendered":"<p>Lepe, bele z visokim pasom spodnje hla\u010de, katere se odli\u010dno prilegajo. Ne smejo manjkati v va\u0161i garderobi, \u010de imate te\u017eavo z rahlim uhajanjem urina. Zelo udobne za uporabo. Cena na komad. &nbsp; Vpojnost Vpojnost je pribli\u017eno 125 ml v 4 urnem obdobju. Zato je zelo primerno za zbiranje kapljic ali curkov (urin in \/ ali &#8230; <a class=\"more-link\" href=\"https:\/\/urifoon.tehmed.si\/index.php\/product\/spodnje-hlace-za-zenske-bele-midi-z-visokim-pasom\/\">Continue reading<\/a><\/p>\n","protected":false},"featured_media":3748,"comment_status":"open","ping_status":"closed","template":"","meta":[],"product_cat":[79,65,59,62],"product_tag":[],"_links":{"self":[{"href":"https:\/\/urifoon.tehmed.si\/index.php\/wp-json\/wp\/v2\/product\/3426"}],"collection":[{"href":"https:\/\/urifoon.tehmed.si\/index.php\/wp-json\/wp\/v2\/product"}],"about":[{"href":"https:\/\/urifoon.tehmed.si\/index.php\/wp-json\/wp\/v2\/types\/product"}],"replies":[{"embeddable":true,"href":"https:\/\/urifoon.tehmed.si\/index.php\/wp-json\/wp\/v2\/comments?post=3426"}],"wp:featuredmedia":[{"embeddable":true,"href":"https:\/\/urifoon.tehmed.si\/index.php\/wp-json\/wp\/v2\/media\/3748"}],"wp:attachment":[{"href":"https:\/\/urifoon.tehmed.si\/index.php\/wp-json\/wp\/v2\/media?parent=3426"}],"wp:term":[{"taxonomy":"product_cat","embeddable":true,"href":"https:\/\/urifoon.tehmed.si\/index.php\/wp-json\/wp\/v2\/product_cat?post=3426"},{"taxonomy":"product_tag","embeddable":true,"href":"https:\/\/urifoon.tehmed.si\/index.php\/wp-json\/wp\/v2\/product_tag?post=3426"}],"curies":[{"name":"wp","href":"https:\/\/api.w.org\/{rel}","templated":true}]}}