{"id":3418,"date":"2018-04-16T12:03:22","date_gmt":"2018-04-16T11:03:22","guid":{"rendered":"http:\/\/urifoon.si\/?post_type=product&#038;p=3418"},"modified":"2018-09-14T11:18:15","modified_gmt":"2018-09-14T09:18:15","slug":"spodnje-hlace-za-zenske-maxi-bele","status":"publish","type":"product","link":"https:\/\/urifoon.tehmed.si\/index.php\/product\/spodnje-hlace-za-zenske-maxi-bele\/","title":{"rendered":"Spodnje hla\u010de za \u017eenske \u2013 maxi bele"},"content":{"rendered":"<p>Klasi\u010dne, udobne bele maxi spodnje hla\u010de. \u010cudovito se prilegajo, seveda z na\u0161o malo skrivnostjo. Z nevidno vpojno plastjo, katera zadr\u017ei urin in vonjave. Cena na komad.<\/p>\n<p>&nbsp;<\/p>\n<p><strong>Vpojnost<\/strong><\/p>\n<p>Vpojnost je pribli\u017eno 125 ml v 4 urnem obdobju. Zato je zelo primerno za zbiranje kapljic<\/p>\n<p>ali curkov (urin in \/ ali teko\u010de blato).<\/p>\n<p>&nbsp;<\/p>\n<p><strong>Material<\/strong><\/p>\n<p>95% bomba\u017e, 5% elastan<\/p>\n<p><img decoding=\"async\" loading=\"lazy\" class=\"alignnone size-full wp-image-3406\" src=\"http:\/\/urifoon.si\/wp-content\/uploads\/2018\/04\/IKONE.gif\" alt=\"\" width=\"151\" height=\"33\" \/><\/p>\n<p><strong>Velikosti:<\/strong><\/p>\n<p>40\/42, 44\/46, 48\/50, 52\/54<\/p>\n","protected":false},"excerpt":{"rendered":"<p>Klasi\u010dne, udobne bele maxi spodnje hla\u010de. \u010cudovito se prilegajo, seveda z na\u0161o malo skrivnostjo. Z nevidno vpojno plastjo, katera zadr\u017ei urin in vonjave. Cena na komad. &nbsp; Vpojnost Vpojnost je pribli\u017eno 125 ml v 4 urnem obdobju. Zato je zelo primerno za zbiranje kapljic ali curkov (urin in \/ ali teko\u010de blato). &nbsp; Material 95% &#8230; <a class=\"more-link\" href=\"https:\/\/urifoon.tehmed.si\/index.php\/product\/spodnje-hlace-za-zenske-maxi-bele\/\">Continue reading<\/a><\/p>\n","protected":false},"featured_media":3744,"comment_status":"open","ping_status":"closed","template":"","meta":[],"product_cat":[79,65,59,62],"product_tag":[],"_links":{"self":[{"href":"https:\/\/urifoon.tehmed.si\/index.php\/wp-json\/wp\/v2\/product\/3418"}],"collection":[{"href":"https:\/\/urifoon.tehmed.si\/index.php\/wp-json\/wp\/v2\/product"}],"about":[{"href":"https:\/\/urifoon.tehmed.si\/index.php\/wp-json\/wp\/v2\/types\/product"}],"replies":[{"embeddable":true,"href":"https:\/\/urifoon.tehmed.si\/index.php\/wp-json\/wp\/v2\/comments?post=3418"}],"wp:featuredmedia":[{"embeddable":true,"href":"https:\/\/urifoon.tehmed.si\/index.php\/wp-json\/wp\/v2\/media\/3744"}],"wp:attachment":[{"href":"https:\/\/urifoon.tehmed.si\/index.php\/wp-json\/wp\/v2\/media?parent=3418"}],"wp:term":[{"taxonomy":"product_cat","embeddable":true,"href":"https:\/\/urifoon.tehmed.si\/index.php\/wp-json\/wp\/v2\/product_cat?post=3418"},{"taxonomy":"product_tag","embeddable":true,"href":"https:\/\/urifoon.tehmed.si\/index.php\/wp-json\/wp\/v2\/product_tag?post=3418"}],"curies":[{"name":"wp","href":"https:\/\/api.w.org\/{rel}","templated":true}]}}