{"id":3242,"date":"2018-04-04T10:08:24","date_gmt":"2018-04-04T09:08:24","guid":{"rendered":"http:\/\/urifoon.si\/?page_id=3242"},"modified":"2020-05-27T10:29:47","modified_gmt":"2020-05-27T08:29:47","slug":"usposabljanje-proti-mocenju","status":"publish","type":"page","link":"https:\/\/urifoon.tehmed.si\/index.php\/usposabljanje-proti-mocenju\/","title":{"rendered":"Usposabljanje proti mo\u010denju"},"content":{"rendered":"<p>[vc_row rt_row_background_width=&#8221;fullwidth&#8221; rt_row_content_width=&#8221;default&#8221; rt_row_style=&#8221;alt-style-2&#8243; full_height=&#8221;yes&#8221; rt_row_borders=&#8221;&#8221; rt_row_shadows=&#8221;&#8221; rt_row_paddings=&#8221;true&#8221; rt_bg_effect=&#8221;classic&#8221; rt_bg_image_repeat=&#8221;repeat&#8221; rt_bg_size=&#8221;cover&#8221; rt_bg_position=&#8221;right top&#8221; rt_bg_attachment=&#8221;scroll&#8221; rt_bg_video_format=&#8221;youtube&#8221; rt_bg_overlay_color=&#8221;rgba(76,95,94,0.72)&#8221; rt_bg_video_youtube=&#8221;https:\/\/www.youtube.com\/watch?v=72V_xHfN2bg&#8221;][vc_column rt_column_shadow=&#8221;&#8221; rt_bg_image_repeat=&#8221;repeat&#8221; rt_bg_size=&#8221;auto auto&#8221; rt_bg_attachment=&#8221;scroll&#8221;][vc_custom_heading text=&#8221;Usposabljanje proti mo\u010denju&#8221; font_container=&#8221;tag:h2|font_size:50px|text_align:center&#8221; use_theme_fonts=&#8221;yes&#8221;][vc_custom_heading text=&#8221;<i> \u017de vse od leta 1954 se je podjetje Urifoon iz Nizozemske specializiralo za usposabljanje odvajanja mo\u010denja postelje z uporabo alarma kot opozorilom. Od takrat pa do danes je ve\u010d tiso\u010d otrok re\u0161eno tega nadle\u017enega problema.<\/i>&#8221; font_container=&#8221;tag:p|font_size:20px|text_align:center&#8221; use_theme_fonts=&#8221;yes&#8221;][vc_empty_space height=&#8221;20px&#8221;]<div class=\"button_wrapper aligncenter \"><a  href=\"#contents\" target=\"_self\" title=\"Naj pomagamo tudi vam\" class=\"button_ scroll color big\"><span class=\"icon-angle-down\"><\/span>Naj pomagamo tudi vam<\/a><\/div>[\/vc_column][\/vc_row][vc_row rt_row_background_width=&#8221;fullwidth&#8221; rt_row_content_width=&#8221;default&#8221; rt_row_style=&#8221;default-style&#8221; rt_row_borders=&#8221;&#8221; rt_row_shadows=&#8221;&#8221; rt_column_view=&#8221;equal_heights&#8221; rt_row_paddings=&#8221;true&#8221; id=&#8221;contents&#8221; rt_bg_effect=&#8221;classic&#8221; rt_bg_image_repeat=&#8221;repeat&#8221; rt_bg_size=&#8221;cover&#8221; rt_bg_position=&#8221;right top&#8221; rt_bg_attachment=&#8221;scroll&#8221; rt_bg_video_format=&#8221;self-hosted&#8221; rt_padding_top=&#8221;0&#8243; rt_padding_bottom=&#8221;0&#8243; rt_bg_color=&#8221;#ffffff&#8221;][vc_column rt_column_shadow=&#8221;true&#8221; rt_bg_image_repeat=&#8221;repeat&#8221; rt_bg_size=&#8221;auto auto&#8221; rt_bg_attachment=&#8221;scroll&#8221; rt_padding_top=&#8221;40&#8243; rt_padding_bottom=&#8221;40&#8243; rt_padding_left=&#8221;40&#8243; rt_padding_right=&#8221;40&#8243; rt_bg_color=&#8221;#ffffff&#8221;]<div class=\"rt_heading_wrapper style-1\">\n\t\t\t\t\t\t<h2 class=\"rt_heading  style-1\" >Izdelki so bili skrbno premi\u0161ljeni<\/h2>\n\t\t\t\t\t<\/div>[vc_column_text]Urifoonove naprave kot opozorilo za odvajanje mo\u010denja postelje, so izdelane iz trdnih materialov, v katerih je alarmni sistem pravilno in varno name\u0161\u010den. Otroci ga ne morejo odpreti. Zaradi oblike so alarmi enostavni za \u010di\u0161\u010dene in se prilegajo vsaki postelji.<\/p>\n<p>Posebne spodnje hla\u010de so edinstvene. Druga\u010de so normalne spodnje hla\u010de, vendar imajo vgrajen posebni senzor za vlago. Spodnje hla\u010de se lahko normalno perejo v skladu z navodili za pranje in so na voljo v najpogostej\u0161ih velikostih za deklice in de\u010dke.[\/vc_column_text][\/vc_column][\/vc_row][vc_row rt_row_background_width=&#8221;fullwidth&#8221; rt_row_content_width=&#8221;default&#8221; rt_row_style=&#8221;default-style&#8221; rt_row_borders=&#8221;&#8221; rt_row_shadows=&#8221;&#8221; rt_column_view=&#8221;equal_heights&#8221; rt_row_paddings=&#8221;true&#8221; rt_bg_effect=&#8221;classic&#8221; rt_bg_image_repeat=&#8221;repeat&#8221; rt_bg_size=&#8221;cover&#8221; rt_bg_position=&#8221;right top&#8221; rt_bg_attachment=&#8221;scroll&#8221; rt_bg_video_format=&#8221;self-hosted&#8221; rt_padding_top=&#8221;0&#8243; rt_padding_bottom=&#8221;0&#8243; rt_bg_color=&#8221;#ffffff&#8221;][vc_column width=&#8221;1\/2&#8243; rt_column_shadow=&#8221;&#8221; rt_bg_image_repeat=&#8221;repeat&#8221; rt_bg_size=&#8221;auto auto&#8221; rt_bg_attachment=&#8221;scroll&#8221; rt_padding_top=&#8221;40&#8243; rt_padding_bottom=&#8221;40&#8243; rt_padding_left=&#8221;40&#8243; rt_padding_right=&#8221;40&#8243; rt_bg_color=&#8221;#ffffff&#8221; rt_bg_overlay_color=&#8221;&#8221;]<div class=\"rt_heading_wrapper style-1\">\n\t\t\t\t\t\t<h2 class=\"rt_heading  style-1\" >USPOSABLJANJE <\/h2>\n\t\t\t\t\t<\/div>[vc_column_text]Ko se odpravlja va\u0161 otok v posteljo, mu oblecite Urifoonove spodnje hla\u010dke s senzorjem.<\/p>\n<p><strong>1 korak :\u00a0 <\/strong>Ko na spodnje hla\u010dke s senzorjem namestite oddajnik z dvojnim pritiskom (klikom), so le te povezane z alarmom. Vzpostavljena je\u00a0 brez \u017ei\u010dna povezava med oddajnikom in alarmno napravo.<\/p>\n<p><strong>2 korak : <\/strong>Takoj, ko prve kapljice urina prispejo do senzorja v spodnjih hla\u010dah, se oglasi alarm. Zaradi tega se bo va\u0161 otrok prebudil in posledi\u010dno prenehal urinirati. Ta \u00bbnatan\u010den trenutek prebujanja\u00ab krepi verjetno ohlapen mehur. Poleg tega pa daje signal mo\u017eganom, da je mehur poln.[\/vc_column_text][\/vc_column][vc_column width=&#8221;1\/2&#8243; rt_column_shadow=&#8221;&#8221; rt_bg_image_repeat=&#8221;repeat&#8221; rt_bg_size=&#8221;cover&#8221; rt_bg_attachment=&#8221;scroll&#8221; rt_bg_color=&#8221;&#8221; rt_padding_top=&#8221;80&#8243; rt_padding_bottom=&#8221;80&#8243; rt_bg_overlay_color=&#8221;&#8221; rt_min_height=&#8221;400&#8243;][vc_row_inner rt_row_style=&#8221;global-style&#8221; rt_bg_custom_alignment=&#8221;top&#8221;][vc_column_inner width=&#8221;1\/2&#8243; rt_column_shadow=&#8221;&#8221; rt_bg_image_repeat=&#8221;repeat&#8221; rt_bg_size=&#8221;auto auto&#8221; rt_bg_attachment=&#8221;scroll&#8221;]<div  class=\"rt_counter\"><span class=\"number\">1<\/span>Korak<\/div>[vc_empty_space]<div  class=\"rt_counter\"><span class=\"number\">2<\/span>Korak<\/div>[\/vc_column_inner][vc_column_inner width=&#8221;1\/2&#8243; rt_column_shadow=&#8221;&#8221; rt_bg_image_repeat=&#8221;repeat&#8221; rt_bg_size=&#8221;auto auto&#8221; rt_bg_attachment=&#8221;scroll&#8221;][vc_single_image image=&#8221;3344&#8243; img_size=&#8221;full&#8221;][\/vc_column_inner][\/vc_row_inner][vc_row_inner rt_row_style=&#8221;global-style&#8221; rt_bg_custom_alignment=&#8221;top&#8221;][vc_column_inner width=&#8221;1\/2&#8243; rt_column_shadow=&#8221;&#8221; rt_bg_image_repeat=&#8221;repeat&#8221; rt_bg_size=&#8221;auto auto&#8221; rt_bg_attachment=&#8221;scroll&#8221;][\/vc_column_inner][vc_column_inner width=&#8221;1\/2&#8243; rt_column_shadow=&#8221;&#8221; rt_bg_image_repeat=&#8221;repeat&#8221; rt_bg_size=&#8221;auto auto&#8221; rt_bg_attachment=&#8221;scroll&#8221;][\/vc_column_inner][\/vc_row_inner][\/vc_column][\/vc_row][vc_row rt_row_background_width=&#8221;fullwidth&#8221; rt_row_content_width=&#8221;default&#8221; rt_row_style=&#8221;default-style&#8221; rt_row_borders=&#8221;&#8221; rt_row_shadows=&#8221;&#8221; rt_column_view=&#8221;equal_heights&#8221; rt_row_paddings=&#8221;true&#8221; rt_bg_effect=&#8221;classic&#8221; rt_bg_image_repeat=&#8221;repeat&#8221; rt_bg_size=&#8221;cover&#8221; rt_bg_position=&#8221;right top&#8221; rt_bg_attachment=&#8221;scroll&#8221; rt_bg_video_format=&#8221;self-hosted&#8221; rt_padding_top=&#8221;0&#8243; rt_padding_bottom=&#8221;40&#8243; rt_bg_color=&#8221;#ffffff&#8221;][vc_column width=&#8221;1\/2&#8243; rt_column_shadow=&#8221;&#8221; rt_bg_image_repeat=&#8221;repeat&#8221; rt_bg_size=&#8221;auto auto&#8221; rt_bg_attachment=&#8221;scroll&#8221; rt_padding_top=&#8221;40&#8243; rt_padding_left=&#8221;40&#8243; rt_padding_right=&#8221;40&#8243; rt_bg_color=&#8221;#ffffff&#8221; rt_bg_overlay_color=&#8221;&#8221;][vc_row_inner rt_row_style=&#8221;global-style&#8221; rt_bg_custom_alignment=&#8221;top&#8221;][vc_column_inner width=&#8221;1\/2&#8243; rt_column_shadow=&#8221;&#8221; rt_bg_image_repeat=&#8221;repeat&#8221; rt_bg_size=&#8221;auto auto&#8221; rt_bg_attachment=&#8221;scroll&#8221;][vc_single_image image=&#8221;3343&#8243; img_size=&#8221;full&#8221; css=&#8221;.vc_custom_1522935195199{padding-top: 30px !important;}&#8221;][\/vc_column_inner][vc_column_inner width=&#8221;1\/2&#8243; rt_column_shadow=&#8221;&#8221; rt_bg_image_repeat=&#8221;repeat&#8221; rt_bg_size=&#8221;auto auto&#8221; rt_bg_attachment=&#8221;scroll&#8221;]<div  class=\"rt_counter\"><span class=\"number\">3<\/span>Korak<\/div>[vc_empty_space]<div  class=\"rt_counter\"><span class=\"number\">4<\/span>Korak<\/div>[\/vc_column_inner][\/vc_row_inner][\/vc_column][vc_column width=&#8221;1\/2&#8243; rt_column_shadow=&#8221;&#8221; rt_bg_image_repeat=&#8221;repeat&#8221; rt_bg_size=&#8221;cover&#8221; rt_bg_attachment=&#8221;scroll&#8221; rt_bg_color=&#8221;rgba(225,225,225,0.4)&#8221; rt_padding_top=&#8221;80&#8243; rt_bg_overlay_color=&#8221;&#8221; rt_min_height=&#8221;400&#8243; css=&#8221;.vc_custom_1522945740916{background-color: #ffffff !important;}&#8221;][vc_row_inner rt_row_style=&#8221;global-style&#8221; rt_bg_custom_alignment=&#8221;top&#8221;][vc_column_inner rt_column_shadow=&#8221;&#8221; rt_bg_image_repeat=&#8221;repeat&#8221; rt_bg_size=&#8221;auto auto&#8221; rt_bg_attachment=&#8221;scroll&#8221;][vc_column_text css=&#8221;.vc_custom_1525767507921{padding-bottom: 20px !important;}&#8221;]<strong>3 korak : <\/strong>Oddajnik se odstrani iz spodnji hla\u010d, alarm se izklopi in poln mehur kon\u010da na stani\u0161\u010du. Pomembno je, da se va\u0161 otrok dobro po\u010duti in se zaveda uriniranja na strani\u0161\u010du. Nato oblecite \u010diste spodnje hla\u010de s senzorjem, namestite oddajnik in va\u0161 otrok lahko zaspi.<\/p>\n<p><strong>4 korak : <\/strong>Zjutraj zapi\u0161ite rezultate no\u010di skupaj s svojim otrokom in se pogovorite o napredku. Pozitiven rezultat bo viden v nekaj tednih![\/vc_column_text][\/vc_column_inner][\/vc_row_inner][\/vc_column][\/vc_row][vc_row rt_row_background_width=&#8221;fullwidth&#8221; rt_row_content_width=&#8221;default&#8221; rt_row_style=&#8221;default-style&#8221; rt_row_borders=&#8221;&#8221; rt_row_shadows=&#8221;&#8221; rt_row_paddings=&#8221;true&#8221; rt_bg_effect=&#8221;classic&#8221; rt_bg_image_repeat=&#8221;repeat&#8221; rt_bg_size=&#8221;cover&#8221; rt_bg_position=&#8221;right top&#8221; rt_bg_attachment=&#8221;scroll&#8221; rt_bg_video_format=&#8221;self-hosted&#8221; rt_padding_top=&#8221;40&#8243; rt_padding_bottom=&#8221;80&#8243; rt_bg_color=&#8221;#ffffff&#8221; rt_bg_overlay_color=&#8221;#ffffff&#8221;][vc_column rt_column_shadow=&#8221;&#8221; rt_bg_image_repeat=&#8221;repeat&#8221; rt_bg_size=&#8221;auto auto&#8221; rt_bg_attachment=&#8221;scroll&#8221;]<div class=\"rt_heading_wrapper style-1\">\n\t\t\t\t\t\t<h2 class=\"rt_heading  style-1\" >Ohranite normalne pogoje!<\/h2>\n\t\t\t\t\t<\/div>[vc_column_text]<strong>Ohranite normalne pogoje!<\/strong><br \/>\nPomembno je, da va\u0161 otrok sledi Urifoonovem usposabljanju z alarmom kot opozorilom v normalnih okoli\u0161\u010dinah. Zato ni za\u017eeleno, da bi svojemu otroku:<\/p>\n<ul>\n<li>medtem, \u010de se zbudi, dovoliti iti na strani\u0161\u010de<\/li>\n<li>zavestno omogo\u010diti manj pitja pred spanjem, ali<\/li>\n<li>uporabiti plenice ali plenicam podobne spodnje hla\u010de.<\/li>\n<\/ul>\n<p>[\/vc_column_text][\/vc_column][\/vc_row][vc_row rt_row_background_width=&#8221;fullwidth&#8221; rt_row_content_width=&#8221;default&#8221; rt_row_style=&#8221;default-style&#8221; rt_row_borders=&#8221;&#8221; rt_row_shadows=&#8221;&#8221; rt_column_view=&#8221;equal_heights&#8221; rt_row_paddings=&#8221;true&#8221; rt_bg_effect=&#8221;parallax&#8221; rt_bg_parallax_effect=&#8221;1&#8243; rt_bg_image_repeat=&#8221;repeat&#8221; rt_bg_size=&#8221;cover&#8221; rt_bg_position=&#8221;center center&#8221; rt_bg_video_format=&#8221;self-hosted&#8221; rt_padding_top=&#8221;0&#8243; rt_padding_bottom=&#8221;0&#8243; rt_bg_image=&#8221;3690&#8243; rt_bg_overlay_color=&#8221;rgba(12,12,12,0.28)&#8221;][vc_column rt_column_shadow=&#8221;&#8221; rt_bg_image_repeat=&#8221;repeat&#8221; rt_bg_size=&#8221;cover&#8221; rt_bg_attachment=&#8221;scroll&#8221; rt_bg_color=&#8221;&#8221; rt_padding_bottom=&#8221;40&#8243; rt_padding_left=&#8221;40&#8243; rt_padding_right=&#8221;40&#8243; rt_min_height=&#8221;400&#8243; rt_bg_overlay_color=&#8221;&#8221; rt_padding_top=&#8221;2px&#8221;]<div class=\"rt_heading_wrapper style-4\" style=\"padding-top:60px;\">\n\t\t\t\t\t\t<h2 class=\"rt_heading  style-4\" >Trajanje usposabljanja<\/h2>\n\t\t\t\t\t<\/div>[vc_column_text]<span style=\"color: #ffffff;\">Z uporabo Urifoonovega alarma za odvajanje mo\u010denja postelje vsak ve\u010der, se bo uporabnik zbujal sam in pravo\u010dasno po nekaj tednih. In zelo hitro ne bo ve\u010d potrebno preobla\u010diti postelje, saj bo le-ta ostala suha.<\/span><\/p>\n<h4><span style=\"color: #ffffff;\"><strong>Usposabljanje z alarmom traja pribli\u017eno 3 mesece<\/strong><\/span><\/h4>\n<p>[\/vc_column_text][\/vc_column][\/vc_row][vc_row rt_row_background_width=&#8221;fullwidth&#8221; rt_row_content_width=&#8221;default&#8221; rt_row_style=&#8221;default-style&#8221; rt_row_borders=&#8221;&#8221; rt_row_shadows=&#8221;&#8221; rt_column_view=&#8221;equal_heights&#8221; rt_row_paddings=&#8221;true&#8221; rt_bg_effect=&#8221;classic&#8221; rt_bg_image_repeat=&#8221;repeat&#8221; rt_bg_size=&#8221;cover&#8221; rt_bg_position=&#8221;right top&#8221; rt_bg_attachment=&#8221;scroll&#8221; rt_bg_video_format=&#8221;self-hosted&#8221; rt_padding_top=&#8221;0&#8243; rt_padding_bottom=&#8221;0&#8243;][vc_column rt_column_shadow=&#8221;&#8221; rt_bg_image_repeat=&#8221;repeat&#8221; rt_bg_size=&#8221;cover&#8221; rt_bg_attachment=&#8221;scroll&#8221; rt_bg_color=&#8221;&#8221; rt_min_height=&#8221;400&#8243; rt_bg_overlay_color=&#8221;&#8221;]<div class=\"rt_heading_wrapper style-1\" style=\"padding-top:60px;\">\n\t\t\t\t\t\t<h2 class=\"rt_heading  style-1\" >V povpre\u010dju traja usposabljanje z alarmom za odvajanje mo\u010denje postelje od 2 do 3 mesece. Kon\u010dni \u010das in rezultat za popolno suho posteljo vsak ve\u010der, je odvisen od \u0161tevilnih kriti\u010dnih dejavnikov.<\/h2>\n\t\t\t\t\t<\/div>[vc_column_text]Potrebno je pomisliti na:<\/p>\n<ul>\n<li>Pomebno je, da je va\u0161 otrok motiviran, da se znebi te te\u017eave .<\/li>\n<li>Bistveno je, da se va\u0161 otrok takoj odzove na prvi signal alarma, ter da se zaveda da gre na strani\u0161\u010de. Torej ne v stanju &#8220;mese\u010dnika&#8221;.<\/li>\n<li>\u010ce va\u0161 otrok spi in presli\u0161i alarm, mora star\u0161 ali skrbnik takoj prebuditi otroka. Zato je dobro, da bi \u2013 zlasti v prvih dneh \u2013 spali blizu otroka, da vidite ali je vse dobro.<\/li>\n<li>Usposabljanje je potrebno nadeljevati brez prekinitve, dokler se ne dose\u017ea \u017eeleni rezultat.<\/li>\n<\/ul>\n<p>\u010ce po dveh tednih ni bilo vidnega napredka, vas prosimo, da nas kontaktiratte. Skupaj z vami bomo ocenili potek usposabljanja in vam nato svetovali, kako lahko dose\u017eete \u017eeleni rezultat.[\/vc_column_text][\/vc_column][\/vc_row][vc_row rt_row_background_width=&#8221;fullwidth&#8221; rt_row_content_width=&#8221;default&#8221; rt_row_style=&#8221;default-style&#8221; rt_row_borders=&#8221;&#8221; rt_row_shadows=&#8221;&#8221; rt_column_view=&#8221;equal_heights&#8221; rt_row_paddings=&#8221;true&#8221; rt_bg_effect=&#8221;classic&#8221; rt_bg_image_repeat=&#8221;repeat&#8221; rt_bg_size=&#8221;cover&#8221; rt_bg_position=&#8221;right top&#8221; rt_bg_attachment=&#8221;scroll&#8221; rt_bg_video_format=&#8221;self-hosted&#8221; rt_padding_top=&#8221;0&#8243; rt_padding_bottom=&#8221;60&#8243; rt_bg_color=&#8221;#ffffff&#8221; rt_bg_overlay_color=&#8221;#ffffff&#8221;][vc_column width=&#8221;2\/3&#8243; rt_column_shadow=&#8221;&#8221; rt_bg_image_repeat=&#8221;repeat&#8221; rt_bg_size=&#8221;cover&#8221; rt_bg_attachment=&#8221;scroll&#8221; rt_bg_color=&#8221;&#8221; rt_min_height=&#8221;400&#8243; rt_bg_overlay_color=&#8221;&#8221;]<div class=\"rt_heading_wrapper style-1\" style=\"padding-top:60px;\">\n\t\t\t\t\t\t<h2 class=\"rt_heading  style-1\" >Kdaj ni primerna uporaba Urifoonovega usposabljanja?<\/h2>\n\t\t\t\t\t<\/div>[vc_column_text]Mo\u010denje postelje redko povzro\u010dajo fizi\u010dni vzroki. Zato je se lahko uporabi alarm kot opozorilo odvajanja mo\u010denje postelje tudi brez vednosti ali na priporo\u010dilo zdravnika.<br \/>\n<strong><span style=\"color: #22bcb4;\">Kljub vsemu morate biti opozorjeni na dolo\u010dene simptome.<\/span><\/strong><\/p>\n<p>Pediater dr. I.M. Baldew je opisal, pri katerih zna\u010dilnostih je bolje, da najprej obi\u0161\u010dete in se posvetujete z zdavnikom:<br \/>\n\u2022 otrok star 5 ali ve\u010d let ne more zaustaviti mo\u010denja tako podnevi kot pono\u010di<br \/>\n\u2022 uriniranje je bole\u010de<br \/>\n\u2022 ima urin druga\u010dno barvo, npr. motno, rde\u010de ali temno<br \/>\n\u2022 ima urin mo\u010denj vonj<br \/>\n\u2022 urin te\u010de po kapljicah<br \/>\n\u2022 je veliko uriniranja (2 do 3 krat na uro)<br \/>\n\u2022 ali zelo malo (2 do 3 krat na dan)[\/vc_column_text][\/vc_column][vc_column width=&#8221;1\/3&#8243; rt_column_shadow=&#8221;&#8221; rt_bg_image_repeat=&#8221;repeat&#8221; rt_bg_size=&#8221;auto auto&#8221; rt_bg_attachment=&#8221;scroll&#8221; rt_padding_top=&#8221;20&#8243; rt_bg_color=&#8221;&#8221; rt_bg_overlay_color=&#8221;&#8221;][vc_single_image image=&#8221;3361&#8243; img_size=&#8221;full&#8221; css=&#8221;.vc_custom_1522947026574{padding-top: 60px !important;}&#8221;][\/vc_column][\/vc_row]<\/p>\n","protected":false},"excerpt":{"rendered":"<p>[vc_row rt_row_background_width=&#8221;fullwidth&#8221; rt_row_content_width=&#8221;default&#8221; rt_row_style=&#8221;alt-style-2&#8243; full_height=&#8221;yes&#8221; rt_row_borders=&#8221;&#8221; rt_row_shadows=&#8221;&#8221; rt_row_paddings=&#8221;true&#8221; rt_bg_effect=&#8221;classic&#8221; rt_bg_image_repeat=&#8221;repeat&#8221; rt_bg_size=&#8221;cover&#8221; rt_bg_position=&#8221;right top&#8221; rt_bg_attachment=&#8221;scroll&#8221; rt_bg_video_format=&#8221;youtube&#8221; rt_bg_overlay_color=&#8221;rgba(76,95,94,0.72)&#8221; rt_bg_video_youtube=&#8221;https:\/\/www.youtube.com\/watch?v=72V_xHfN2bg&#8221;][vc_column rt_column_shadow=&#8221;&#8221; rt_bg_image_repeat=&#8221;repeat&#8221; rt_bg_size=&#8221;auto auto&#8221; rt_bg_attachment=&#8221;scroll&#8221;][vc_custom_heading text=&#8221;Usposabljanje proti mo\u010denju&#8221; font_container=&#8221;tag:h2|font_size:50px|text_align:center&#8221; use_theme_fonts=&#8221;yes&#8221;][vc_custom_heading text=&#8221; \u017de vse od leta 1954 se je podjetje Urifoon iz Nizozemske specializiralo za usposabljanje odvajanja mo\u010denja postelje z uporabo alarma kot opozorilom. Od takrat pa do danes &#8230; <a class=\"more-link\" href=\"https:\/\/urifoon.tehmed.si\/index.php\/usposabljanje-proti-mocenju\/\">Continue reading<\/a><\/p>\n","protected":false},"author":1,"featured_media":0,"parent":0,"menu_order":0,"comment_status":"closed","ping_status":"closed","template":"","meta":[],"_links":{"self":[{"href":"https:\/\/urifoon.tehmed.si\/index.php\/wp-json\/wp\/v2\/pages\/3242"}],"collection":[{"href":"https:\/\/urifoon.tehmed.si\/index.php\/wp-json\/wp\/v2\/pages"}],"about":[{"href":"https:\/\/urifoon.tehmed.si\/index.php\/wp-json\/wp\/v2\/types\/page"}],"author":[{"embeddable":true,"href":"https:\/\/urifoon.tehmed.si\/index.php\/wp-json\/wp\/v2\/users\/1"}],"replies":[{"embeddable":true,"href":"https:\/\/urifoon.tehmed.si\/index.php\/wp-json\/wp\/v2\/comments?post=3242"}],"version-history":[{"count":28,"href":"https:\/\/urifoon.tehmed.si\/index.php\/wp-json\/wp\/v2\/pages\/3242\/revisions"}],"predecessor-version":[{"id":7187,"href":"https:\/\/urifoon.tehmed.si\/index.php\/wp-json\/wp\/v2\/pages\/3242\/revisions\/7187"}],"wp:attachment":[{"href":"https:\/\/urifoon.tehmed.si\/index.php\/wp-json\/wp\/v2\/media?parent=3242"}],"curies":[{"name":"wp","href":"https:\/\/api.w.org\/{rel}","templated":true}]}}