{"id":2356,"date":"2016-01-20T04:24:25","date_gmt":"2016-01-20T04:24:25","guid":{"rendered":"http:\/\/rttheme20.rtthemes.com\/?page_id=2356"},"modified":"2018-08-06T08:53:17","modified_gmt":"2018-08-06T06:53:17","slug":"alarmi","status":"publish","type":"page","link":"https:\/\/urifoon.tehmed.si\/index.php\/alarmi\/","title":{"rendered":"Alarmi"},"content":{"rendered":"<p>[vc_row rt_row_background_width=&#8221;fullwidth&#8221; rt_row_content_width=&#8221;default&#8221; rt_row_style=&#8221;alt-style-2&#8243; rt_row_borders=&#8221;&#8221; rt_row_shadows=&#8221;&#8221; rt_row_paddings=&#8221;true&#8221; rt_bg_effect=&#8221;classic&#8221; rt_bg_image_repeat=&#8221;repeat&#8221; rt_bg_size=&#8221;cover&#8221; rt_bg_position=&#8221;center bottom&#8221; rt_bg_attachment=&#8221;scroll&#8221; rt_bg_video_format=&#8221;self-hosted&#8221; rt_padding_top=&#8221;190&#8243; rt_padding_bottom=&#8221;0&#8243; rt_grid=&#8221;&#8221; rt_bg_color=&#8221;#a2a5aa&#8221; rt_bg_overlay_color=&#8221;rgba(162,165,170,0.75)&#8221; rt_bg_image=&#8221;1911&#8243;][vc_column width=&#8221;2\/3&#8243; rt_column_shadow=&#8221;&#8221; rt_bg_image_repeat=&#8221;repeat&#8221; rt_bg_size=&#8221;auto auto&#8221; rt_bg_attachment=&#8221;scroll&#8221;][vc_empty_space height=&#8221;90px&#8221;]<div class=\"rt_heading_wrapper no-style\">\n\t\t\t\t\t\t<h1 class=\"rt_heading  no-style\"  style=\"font-size:65px;line-height:65px;letter-spacing:2px;\">Alarmi za opozorilo proti mo\u010denju<\/h1>\n\t\t\t\t\t<\/div>[\/vc_column][vc_column width=&#8221;1\/3&#8243; rt_column_shadow=&#8221;&#8221; rt_bg_image_repeat=&#8221;repeat&#8221; rt_bg_size=&#8221;auto auto&#8221; rt_bg_attachment=&#8221;scroll&#8221;][vc_column_text]<br \/>\n[\/vc_column_text][\/vc_column][\/vc_row][vc_row rt_row_background_width=&#8221;fullwidth&#8221; rt_row_content_width=&#8221;default&#8221; rt_row_style=&#8221;default-style&#8221; rt_row_borders=&#8221;bottom&#8221; rt_row_shadows=&#8221;&#8221; rt_row_paddings=&#8221;true&#8221; rt_bg_effect=&#8221;classic&#8221; rt_bg_image_repeat=&#8221;repeat&#8221; rt_bg_size=&#8221;cover&#8221; rt_bg_position=&#8221;right top&#8221; rt_bg_attachment=&#8221;scroll&#8221; rt_bg_video_format=&#8221;self-hosted&#8221; rt_padding_bottom=&#8221;60&#8243;][vc_column width=&#8221;2\/3&#8243; rt_column_shadow=&#8221;&#8221; rt_bg_image_repeat=&#8221;repeat&#8221; rt_bg_size=&#8221;auto auto&#8221; rt_bg_attachment=&#8221;scroll&#8221;][vc_column_text]Urifoonovi alarmi kot opozorilo za odvajanje mo\u010denje postelje, so izdelani iz trdnih materialov, zato ga otroci sami ne morejo odpreti. Zaradi oblike so alarmi enostavni za \u010di\u0161\u010denje in se prilegajo vsaki postelji. Alarmu je prilo\u017eena tudi tabela rezultatov, s katero lahko bolj u\u010dinkovito re\u0161ujemo problem mo\u010denja postelje in barvne nalepke, za la\u017eje dnevno bele\u017eenje dogodkov.<\/p>\n<p>Za uspe\u0161no re\u0161itev odvajanja od mo\u010denja postelje pa potrebujete tudi posebne spodnje hla\u010de. Le te so edinstvene. Druga\u010de so to normalne spodnje hla\u010de, vendar imajo vgrajen posebni senzor za vlago. Spodnje hla\u010de se lahko normalno perejo v skladu z navodili za pranje in so na voljo v najpogostej\u0161ih velikostih za deklice in de\u010dke.[\/vc_column_text][\/vc_column][vc_column width=&#8221;1\/3&#8243; rt_column_shadow=&#8221;&#8221; rt_bg_image_repeat=&#8221;repeat&#8221; rt_bg_size=&#8221;auto auto&#8221; rt_bg_attachment=&#8221;scroll&#8221; rt_margin_top=&#8221;-200&#8243; rt_bg_color=&#8221;&#8221;]\n\t\t\t\t<div id=\"slider-product-dynamicID-378402\" class=\"rt-carousel carousel-holder clearfix product-carousel rt-frame\" data-item-width=\"1\" data-nav=\"true\" data-dots=\"false\" data-margin=\"29\" data-autoplay=\"true\" data-timeout=\"5000\" data-thumbnails=\"false\" data-boxed=\"false\">\n\t\t\t\t\t<div class=\"owl-carousel\">\n\t\t\t\t\t\t<div><div class=\"product_item_holder item product  spodnje-hlace-z-alarmi\">\n\n<div class=\"product_info_holder\">\n\n\t\t\t<!-- product image -->\n\t\t<div class=\"featured_image\"> \n\t\t\t<a href=\"https:\/\/urifoon.tehmed.si\/index.php\/product-details\/product-with-single-image-2-2-2\/\" title=\"Mickey brez\u017ei\u010dni alarm\" rel=\"bookmark\" data-image-count=\"1\" class=\"imgeffect link\">\n\t\t\t\t<img src=\"https:\/\/urifoon.tehmed.si\/wp-content\/uploads\/2018\/04\/mickey-480x329.jpg\" alt=\"mickey\" class=\"active-image\" \/>\t\t\t<\/a> \n\t\t<\/div>\n\t\n\n\t\n\t\t\t\t\t\t\n\t\t<div class=\"product_info\">\n\n\t\t\t\t\t\t\t\t<!-- title-->\n\t\t\t\t<h5 class=\"product-title clean_heading\"><a href=\"https:\/\/urifoon.tehmed.si\/index.php\/product-details\/product-with-single-image-2-2-2\/\" title=\"Mickey brez\u017ei\u010dni alarm\" rel=\"bookmark\">Mickey brez\u017ei\u010dni alarm<\/a><\/h5>\n\t\t\t\t\n\t\t\t\t\n\t\t\t\t<!-- text-->\n\t\t\t\t\t\t<\/div>\n\n\t\t\n\n\t\n<\/div>\n\n \t<\/div>\n<\/div><div><div class=\"product_item_holder item product  spodnje-hlace-z-alarmi\">\n\n<div class=\"product_info_holder\">\n\n\t\t\t<!-- product image -->\n\t\t<div class=\"featured_image\"> \n\t\t\t<a href=\"https:\/\/urifoon.tehmed.si\/index.php\/product-details\/product-with-single-image-2-2\/\" title=\"Spodnje hla\u010de s senzorjem za deklice\" rel=\"bookmark\" data-image-count=\"1\" class=\"imgeffect link\">\n\t\t\t\t<img src=\"https:\/\/urifoon.tehmed.si\/wp-content\/uploads\/2018\/04\/Urifoon-Deklice-Zelene-1-480x253.jpg\" alt=\"Urifoon-Deklice-Zelene\" class=\"active-image\" \/>\t\t\t<\/a> \n\t\t<\/div>\n\t\n\n\t\n\t\t\t\t\t\t\n\t\t<div class=\"product_info\">\n\n\t\t\t\t\t\t\t\t<!-- title-->\n\t\t\t\t<h5 class=\"product-title clean_heading\"><a href=\"https:\/\/urifoon.tehmed.si\/index.php\/product-details\/product-with-single-image-2-2\/\" title=\"Spodnje hla\u010de s senzorjem za deklice\" rel=\"bookmark\">Spodnje hla\u010de s senzorjem za deklice<\/a><\/h5>\n\t\t\t\t\n\t\t\t\t\n\t\t\t\t<!-- text-->\n\t\t\t\t\t\t<\/div>\n\n\t\t\n\n\t\n<\/div>\n\n \t<\/div>\n<\/div><div><div class=\"product_item_holder item product  spodnje-hlace-z-alarmi\">\n\n<div class=\"product_info_holder\">\n\n\t\t\t<!-- product image -->\n\t\t<div class=\"featured_image\"> \n\t\t\t<a href=\"https:\/\/urifoon.tehmed.si\/index.php\/product-details\/product-with-single-image-2\/\" title=\"Spodnje hla\u010de s senzorjem za fante\" rel=\"bookmark\" data-image-count=\"1\" class=\"imgeffect link\">\n\t\t\t\t<img src=\"https:\/\/urifoon.tehmed.si\/wp-content\/uploads\/2018\/04\/Sensor-Boys-F-480x400.jpg\" alt=\"Sensor Boys F\" class=\"active-image\" \/>\t\t\t<\/a> \n\t\t<\/div>\n\t\n\n\t\n\t\t\t\t\t\t\n\t\t<div class=\"product_info\">\n\n\t\t\t\t\t\t\t\t<!-- title-->\n\t\t\t\t<h5 class=\"product-title clean_heading\"><a href=\"https:\/\/urifoon.tehmed.si\/index.php\/product-details\/product-with-single-image-2\/\" title=\"Spodnje hla\u010de s senzorjem za fante\" rel=\"bookmark\">Spodnje hla\u010de s senzorjem za fante<\/a><\/h5>\n\t\t\t\t\n\t\t\t\t\n\t\t\t\t<!-- text-->\n\t\t\t\t\t\t<\/div>\n\n\t\t\n\n\t\n<\/div>\n\n \t<\/div>\n<\/div>\n\t\t\t\t\t<\/div>\n\t\t\t\t\t\n\t\t\t\t\t\n\t\t\t\t<\/div>\n\t\t\t[\/vc_column][\/vc_row][vc_row rt_row_background_width=&#8221;fullwidth&#8221; rt_row_content_width=&#8221;default&#8221; rt_row_style=&#8221;alt-style-1&#8243; rt_row_borders=&#8221;&#8221; rt_row_shadows=&#8221;&#8221; rt_column_view=&#8221;boxed_columns&#8221; rt_row_paddings=&#8221;true&#8221; rt_bg_effect=&#8221;classic&#8221; rt_bg_image_repeat=&#8221;repeat&#8221; rt_bg_size=&#8221;cover&#8221; rt_bg_position=&#8221;center bottom&#8221; rt_bg_attachment=&#8221;scroll&#8221; rt_bg_video_format=&#8221;self-hosted&#8221; rt_padding_top=&#8221;80&#8243; rt_padding_bottom=&#8221;80&#8243;][vc_column width=&#8221;2\/3&#8243; rt_column_shadow=&#8221;&#8221; rt_bg_image_repeat=&#8221;repeat&#8221; rt_bg_size=&#8221;auto auto&#8221; rt_bg_attachment=&#8221;scroll&#8221;]<div class=\"rt_heading_wrapper style-4\">\n\t\t\t\t\t\t<h2 class=\"rt_heading  primary-color style-4\"  style=\"font-size:40px;\">Spodnje hla\u010de s senzorjem za fante <\/h2>\n\t\t\t\t\t<\/div>[vc_column_text]Spodnje hla\u010de s senzorjem so videti kot obi\u010dajne spodnje hla\u010de. Vendar pa je v njih dodan poseben senzor za zaznavanje urina. Na zgornjem robu spodnjih hla\u010d s senzorjem sta pritrjena tudi dva potisna gumba, kjer se lahko priklju\u010di oddajnik za brez\u017ei\u010dno povezavo z alarmom kot opozorilom.<\/p>\n<p>Urifoon-ove spodnje hla\u010de s senzorjem so na voljo v velikosti 104 do 176, S, M, L.<\/p>\n<p>Seveda je model hla\u010d za fante in deklice druga\u010den.<\/p>\n<p>Opremljene so z navodili za pranje.[\/vc_column_text][\/vc_column][vc_column width=&#8221;1\/3&#8243; rt_column_shadow=&#8221;&#8221; rt_bg_image_repeat=&#8221;repeat&#8221; rt_bg_size=&#8221;auto auto&#8221; rt_bg_attachment=&#8221;scroll&#8221;][vc_single_image image=&#8221;3403&#8243; img_size=&#8221;medium&#8221;][\/vc_column][\/vc_row][vc_row rt_row_background_width=&#8221;fullwidth&#8221; rt_row_content_width=&#8221;default&#8221; rt_row_style=&#8221;default-style&#8221; rt_row_borders=&#8221;&#8221; rt_row_shadows=&#8221;&#8221; rt_row_paddings=&#8221;true&#8221; rt_bg_effect=&#8221;classic&#8221; rt_bg_image_repeat=&#8221;repeat&#8221; rt_bg_size=&#8221;cover&#8221; rt_bg_position=&#8221;right top&#8221; rt_bg_attachment=&#8221;scroll&#8221; rt_bg_video_format=&#8221;self-hosted&#8221;][vc_column rt_column_shadow=&#8221;&#8221; rt_bg_image_repeat=&#8221;repeat&#8221; rt_bg_size=&#8221;auto auto&#8221; rt_bg_attachment=&#8221;scroll&#8221;][vc_empty_space height=&#8221;22px&#8221;]<div class=\"woocommerce \"><div class=\"product_holder clearfix boxed_columns fixed_heights woocommerce\">\n<div class=\"row clearfix\"><\/div><!-- \/ end .row --><\/div><\/div>[\/vc_column][\/vc_row][vc_row rt_row_background_width=&#8221;fullwidth&#8221; rt_row_content_width=&#8221;default&#8221; rt_row_style=&#8221;alt-style-1&#8243; rt_row_borders=&#8221;&#8221; rt_row_shadows=&#8221;&#8221; rt_column_view=&#8221;boxed_columns&#8221; rt_row_paddings=&#8221;true&#8221; rt_bg_effect=&#8221;classic&#8221; rt_bg_image_repeat=&#8221;repeat&#8221; rt_bg_size=&#8221;cover&#8221; rt_bg_position=&#8221;center bottom&#8221; rt_bg_attachment=&#8221;scroll&#8221; rt_bg_video_format=&#8221;self-hosted&#8221; rt_padding_top=&#8221;80&#8243; rt_padding_bottom=&#8221;80&#8243;][vc_column width=&#8221;2\/3&#8243; rt_column_shadow=&#8221;&#8221; rt_bg_image_repeat=&#8221;repeat&#8221; rt_bg_size=&#8221;auto auto&#8221; rt_bg_attachment=&#8221;scroll&#8221;]<div class=\"rt_heading_wrapper style-4\">\n\t\t\t\t\t\t<h2 class=\"rt_heading  primary-color style-4\"  style=\"font-size:40px;\">Spodnje hla\u010de s senzorjem za deklice<\/h2>\n\t\t\t\t\t<\/div>[vc_column_text]Spodnje hla\u010de s senzorjem so videti kot obi\u010dajne spodnje hla\u010de. Vendar pa je v njih dodan poseben senzor za zaznavanje urina. Na zgornjem robu spodnjih hla\u010d s senzorjem sta pritrjena tudi dva potisna gumba, kjer se lahko priklju\u010di oddajnik za brez\u017ei\u010dno povezavo z alarmom kot opozorilom.<\/p>\n<p>Urifoon-ove spodnje hla\u010de s senzorjem so na voljo v velikosti 104 do 176, S, M, L.<\/p>\n<p>Seveda je model hla\u010d za deklice in fante druga\u010den.<\/p>\n<p>Opremljene so z navodili za pranje.[\/vc_column_text][\/vc_column][vc_column width=&#8221;1\/3&#8243; rt_column_shadow=&#8221;&#8221; rt_bg_image_repeat=&#8221;repeat&#8221; rt_bg_size=&#8221;auto auto&#8221; rt_bg_attachment=&#8221;scroll&#8221;][vc_single_image image=&#8221;3402&#8243; img_size=&#8221;medium&#8221;][\/vc_column][\/vc_row][vc_row rt_row_background_width=&#8221;fullwidth&#8221; rt_row_content_width=&#8221;default&#8221; rt_row_style=&#8221;default-style&#8221; rt_row_borders=&#8221;&#8221; rt_row_shadows=&#8221;&#8221; rt_row_paddings=&#8221;true&#8221; rt_bg_effect=&#8221;classic&#8221; rt_bg_image_repeat=&#8221;repeat&#8221; rt_bg_size=&#8221;cover&#8221; rt_bg_position=&#8221;right top&#8221; rt_bg_attachment=&#8221;scroll&#8221; rt_bg_video_format=&#8221;self-hosted&#8221;][vc_column rt_column_shadow=&#8221;&#8221; rt_bg_image_repeat=&#8221;repeat&#8221; rt_bg_size=&#8221;auto auto&#8221; rt_bg_attachment=&#8221;scroll&#8221;][vc_empty_space height=&#8221;22px&#8221;]<div class=\"woocommerce \"><div class=\"product_holder clearfix boxed_columns fixed_heights woocommerce\">\n<div class=\"row clearfix\"><\/div><!-- \/ end .row --><\/div><\/div>[\/vc_column][\/vc_row][vc_row rt_row_background_width=&#8221;fullwidth&#8221; rt_row_content_width=&#8221;default&#8221; rt_row_style=&#8221;alt-style-1&#8243; rt_row_borders=&#8221;&#8221; rt_row_shadows=&#8221;&#8221; rt_column_view=&#8221;boxed_columns&#8221; rt_row_paddings=&#8221;true&#8221; rt_bg_effect=&#8221;classic&#8221; rt_bg_image_repeat=&#8221;repeat&#8221; rt_bg_size=&#8221;cover&#8221; rt_bg_position=&#8221;center bottom&#8221; rt_bg_attachment=&#8221;scroll&#8221; rt_bg_video_format=&#8221;self-hosted&#8221; rt_padding_top=&#8221;80&#8243; rt_padding_bottom=&#8221;80&#8243;][vc_column width=&#8221;2\/3&#8243; rt_column_shadow=&#8221;&#8221; rt_bg_image_repeat=&#8221;repeat&#8221; rt_bg_size=&#8221;auto auto&#8221; rt_bg_attachment=&#8221;scroll&#8221;]<div class=\"rt_heading_wrapper style-4\">\n\t\t\t\t\t\t<h2 class=\"rt_heading  primary-color style-4\"  style=\"font-size:40px;\">Mickey brez\u017ei\u010dni alarm<\/h2>\n\t\t\t\t\t<\/div>[vc_column_text]Otrokom prijazno oblikovan brez\u017ei\u010dni alarm za normalno udobno spanje. Alarm kot opozorilo za odvajanja mo\u010denja postelje ponuja 5 razli\u010dnih alarmnih signalov. \u00a0Glasnost lahko enostavno prilagodite.<\/p>\n<p><strong>Lasnosti Mickey<br \/>\n<\/strong>\u2022 Prijazna zasnova in zelo enostavna uporaba<br \/>\n\u2022 Izbira 5 razli\u010dnih alarmov<br \/>\n\u2022 Lo\u010den signal svetlobe, ko je oddajnik akumolatorja skoraj prazen<br \/>\n\u2022 Sprejemnik je opremljen z no\u010dno svetlobo<br \/>\n\u2022 Oddajnik vsebuje 3V baterijo (CR 2032)<br \/>\n\u2022 Velikost sprejemnika: 12 x 7 x 4 cm<br \/>\n\u2022 Velikost oddajnika: 5 x 4 x 0.8 cm<\/p>\n<p><strong>Uporaba<\/strong><strong><br \/>\n<\/strong>Znanstvene raziskave ka\u017eejo, da je pri motiviranih otrocih usposabljanje z alarmom kot opozorilom za odvajanja mo\u010denje postelje v 3 mesecih 90% uporabnikov suhih oz. da ne mo\u010dijo postelje.<\/p>\n<p><strong>Prikazana cena <\/strong><strong><br \/>\n<\/strong>Cena vklju\u010duje adapter za sprejemnik, oddajnik, baterije za oddajnik, tabelo rezultatov na no\u010d, uporabni\u0161ki priro\u010dnik.<\/p>\n<p>Spodnje hla\u010de s senzorjem je potrebno kupiti lo\u010deno.[\/vc_column_text][\/vc_column][vc_column width=&#8221;1\/3&#8243; rt_column_shadow=&#8221;&#8221; rt_bg_image_repeat=&#8221;repeat&#8221; rt_bg_size=&#8221;auto auto&#8221; rt_bg_attachment=&#8221;scroll&#8221;][vc_single_image image=&#8221;3485&#8243; img_size=&#8221;medium&#8221;][\/vc_column][\/vc_row][vc_row rt_row_background_width=&#8221;fullwidth&#8221; rt_row_content_width=&#8221;default&#8221; rt_row_style=&#8221;default-style&#8221; rt_row_borders=&#8221;&#8221; rt_row_shadows=&#8221;&#8221; rt_row_paddings=&#8221;true&#8221; rt_bg_effect=&#8221;classic&#8221; rt_bg_image_repeat=&#8221;repeat&#8221; rt_bg_size=&#8221;cover&#8221; rt_bg_position=&#8221;right top&#8221; rt_bg_attachment=&#8221;scroll&#8221; rt_bg_video_format=&#8221;self-hosted&#8221;][vc_column rt_column_shadow=&#8221;&#8221; rt_bg_image_repeat=&#8221;repeat&#8221; rt_bg_size=&#8221;auto auto&#8221; rt_bg_attachment=&#8221;scroll&#8221;][vc_empty_space height=&#8221;22px&#8221;]<div class=\"woocommerce \"><div class=\"product_holder clearfix boxed_columns fixed_heights woocommerce\">\n<div class=\"row clearfix\">\n<div class=\"first last  last-row col col-sm-4 post-3481 product type-product status-publish has-post-thumbnail hentry product_cat-alarmi product_cat-alarmi-uriflex product_cat-izdelki-na-zalogi\">\n\n\t\t<div class=\"product_info_holder\">\n\n\t\t\t\n\t\t\t<div class=\"featured_image woocommerce\"><a href=\"https:\/\/urifoon.tehmed.si\/index.php\/product\/mickey-brezzicni-alarm\/\" class=\"imgeffect link\"><img width=\"300\" height=\"300\" src=\"https:\/\/urifoon.tehmed.si\/wp-content\/uploads\/2018\/04\/mickey-300x300.jpg\" class=\"attachment-woocommerce_thumbnail size-woocommerce_thumbnail\" alt=\"\" decoding=\"async\" loading=\"lazy\" srcset=\"https:\/\/urifoon.tehmed.si\/wp-content\/uploads\/2018\/04\/mickey-300x300.jpg 300w, https:\/\/urifoon.tehmed.si\/wp-content\/uploads\/2018\/04\/mickey-150x150.jpg 150w, https:\/\/urifoon.tehmed.si\/wp-content\/uploads\/2018\/04\/mickey-100x100.jpg 100w\" sizes=\"(max-width: 300px) 100vw, 300px\" \/><\/a><\/div>\n\t\t\t<div class=\"product_info clearfix\">\n\n\t\t\t\t<h5 class=\"clean_heading product-title\"><a href=\"https:\/\/urifoon.tehmed.si\/index.php\/product\/mickey-brezzicni-alarm\/\">Mickey brez\u017ei\u010dni alarm<\/a><\/h5>\n\t\t\t<\/div>\n\t\t<\/div>\n\n\t\t<div class=\"product_info_footer clearfix\">\n\t\t\t\n\n<p class=\"price icon-\">\n\t<span class=\"woocommerce-Price-amount amount\"><bdi>89.95<span class=\"woocommerce-Price-currencySymbol\">&euro;<\/span><\/bdi><\/span><\/p>\n\n<a href=\"https:\/\/urifoon.tehmed.si\/index.php\/product\/mickey-brezzicni-alarm\/\" data-quantity=\"1\" class=\"button wp-element-button product_type_simple\" title=\"Beri dalje\" data-product_id=\"3481\" data-product_sku=\"330\" aria-label=\"Preberite si ve\u010d o &ldquo;Mickey brez\u017ei\u010dni alarm&rdquo;\" rel=\"nofollow\"><\/a>\t\t<\/div>\n\n\t\t\n<\/div>\n\n\n<\/div><!-- \/ end .row --><\/div><\/div>[\/vc_column][\/vc_row][vc_row rt_row_background_width=&#8221;fullwidth&#8221; rt_row_content_width=&#8221;default&#8221; rt_row_style=&#8221;alt-style-1&#8243; rt_row_borders=&#8221;&#8221; rt_row_shadows=&#8221;&#8221; rt_column_view=&#8221;boxed_columns&#8221; rt_row_paddings=&#8221;true&#8221; rt_bg_effect=&#8221;classic&#8221; rt_bg_image_repeat=&#8221;repeat&#8221; rt_bg_size=&#8221;cover&#8221; rt_bg_position=&#8221;center bottom&#8221; rt_bg_attachment=&#8221;scroll&#8221; rt_bg_video_format=&#8221;self-hosted&#8221; rt_padding_top=&#8221;80&#8243; rt_padding_bottom=&#8221;80&#8243;][vc_column width=&#8221;2\/3&#8243; rt_column_shadow=&#8221;&#8221; rt_bg_image_repeat=&#8221;repeat&#8221; rt_bg_size=&#8221;auto auto&#8221; rt_bg_attachment=&#8221;scroll&#8221;]<div class=\"rt_heading_wrapper style-4\">\n\t\t\t\t\t\t<h2 class=\"rt_heading  primary-color style-4\"  style=\"font-size:40px;\">Urifoonova tabela rezultatov deluje kot spodbuda<\/h2>\n\t\t\t\t\t<\/div>[vc_column_text]<span style=\"color: #ff0000;\"><a style=\"color: #ff0000;\" href=\"http:\/\/urifoon.si\/wp-content\/uploads\/2018\/04\/tabela.pdf\">Pritisnite tukaj za novo tabelo rezultatov.<\/a><\/span><\/p>\n<p>Tabela rezultatov je pomembna za u\u010dinkovito re\u0161evanje mo\u010denja postelje in je edinstveno osebno navodilo, ki jih ponuja le Urifoon. Dnevno izpolnjevanje je zelo spodbudno za ve\u010dino otrok in nam pomaga zagotoviti usmerjeno podporo, \u010de jo potrebujete.<\/p>\n<p><strong>Zaslu\u017eite 49 to\u010dk na teden<\/strong><\/p>\n<p>Namen je, da uporabnik alarma kot opozorilo odvajanja mo\u010denja postelje, zjutraj izpolni rezultat predhodne no\u010di na obrazcu. Na ta na\u010din \u00bbzaslu\u017ei\u00ab to\u010dke in nalepka se lahko nalepi vsaki dan. Torej tudi takrat, ko se je zgodila nesre\u010da, ker je \u017ee to zadostno razo\u010daranj\u2026<\/p>\n<p>Z na\u0161im to\u010dkovnim sistemom lahko zaslu\u017eimo najve\u010d 49 to\u010dk na teden. To bi pomenilo, da se bo uporabnik vsako no\u010d prebudil pravo\u010dasno, torej bo \u0161el sam na strani\u0161\u010de. Pravi dokaz, da nekdo ostane suh \u010dez no\u010d.<\/p>\n<p>\u010ce pono\u010di ni uriniranja se zaslu\u017ei 5 to\u010dk na no\u010d (35 na teden). Najmanj 35 to\u010dk v treh zaporednih tednih pomeni, da se lahko zaustavi uporaba alarma za usposabljanje. Hkrati to tudi pomeni, da uporabnik v teh no\u010deh ni mo\u010dil postelje, ampak se je prebudil sam ali pa je le spal celo no\u010d in ostal suh. Usposabljanje z alarmom se je uspe\u0161no zaklju\u010dilo, \u010de dva tedna po prenehanju uporabe alarma ni ve\u010d mo\u010denja postelje.<\/p>\n<p>[\/vc_column_text][\/vc_column][vc_column width=&#8221;1\/3&#8243; rt_column_shadow=&#8221;&#8221; rt_bg_image_repeat=&#8221;repeat&#8221; rt_bg_size=&#8221;auto auto&#8221; rt_bg_attachment=&#8221;scroll&#8221;][vc_single_image image=&#8221;3647&#8243; img_size=&#8221;medium&#8221;][\/vc_column][\/vc_row][vc_row rt_row_background_width=&#8221;fullwidth&#8221; rt_row_content_width=&#8221;default&#8221; rt_row_style=&#8221;alt-style-2&#8243; rt_row_borders=&#8221;&#8221; rt_row_shadows=&#8221;&#8221; rt_row_paddings=&#8221;true&#8221; rt_bg_effect=&#8221;parallax&#8221; rt_bg_parallax_effect=&#8221;3&#8243; rt_bg_image_repeat=&#8221;no-repeat&#8221; rt_bg_size=&#8221;cover&#8221; rt_bg_position=&#8221;right top&#8221; rt_bg_video_format=&#8221;self-hosted&#8221; rt_grid=&#8221;true&#8221; rt_padding_top=&#8221;100&#8243; rt_padding_bottom=&#8221;140&#8243; rt_bg_image=&#8221;2359&#8243; rt_bg_overlay_color=&#8221;rgba(50,63,71,0.68)&#8221;][vc_column rt_column_shadow=&#8221;&#8221; rt_bg_image_repeat=&#8221;repeat&#8221; rt_bg_size=&#8221;auto auto&#8221; rt_bg_attachment=&#8221;scroll&#8221;]<div class=\"rt_heading_wrapper style-4\">\n\t\t\t\t\t\t<h3 class=\"rt_heading  style-4\" >KAJ SO POVEDALE NA\u0160E STRANKE<\/h3>\n\t\t\t\t\t<\/div>\n\t\t\t\t<div id=\"slider-testimonial-dynamicID-462631\" class=\"rt-carousel carousel-holder clearfix testimonial-carousel testimonials center big\" data-item-width=\"1\" data-nav=\"true\" data-dots=\"false\" data-margin=\"40\" data-autoplay=\"true\" data-timeout=\"5000\" data-thumbnails=\"false\" data-boxed=\"false\">\n\t\t\t\t\t<div class=\"owl-carousel\">\n\t\t\t\t\t\t<div><div class=\"testimonial item\">\n\n\n\n<div class=\"text \">\n\t<p>\n\t\t<span class=\"icon-quote-left\"><\/span>\n\t\t\tSpet sem lahko brezskrbna ob \u0161portni aktivnosti, tudi \u010de mi ob\u010dasno uhaja urin.\r\nZ uporabo spodnjega perila UnderWunder se spet po\u010dutim varna in spro\u0161\u010dena.\t\t<span class=\"icon-quote-right\"><\/span>\n\t<\/p>\n\t<div class=\"client_info\">\n\n\t\t\tDarja \n\t\t- <span>45let<\/span>\t\t\n\t\t\t\t\t\n\t\t\n\n\t<\/div>\n<\/div><\/div>\n<\/div><div><div class=\"testimonial item\">\n\n\n\n<div class=\"text \">\n\t<p>\n\t\t<span class=\"icon-quote-left\"><\/span>\n\t\t\tPo operaciji moje prostate, mi ob\u010dasno \u010dez dan uide par kapljic urina.\r\nZ udobnimi spodnjimi hla\u010dami UnderWunder, se zopet po\u010dutim varno in spro\u0161\u010deno\t\t<span class=\"icon-quote-right\"><\/span>\n\t<\/p>\n\t<div class=\"client_info\">\n\n\t\t\tJo\u017ee \n\t\t- <span>64let<\/span>\t\t\n\t\t\t\t\t\n\t\t\n\n\t<\/div>\n<\/div><\/div>\n<\/div><div><div class=\"testimonial item\">\n\n\n\n<div class=\"text \">\n\t<p>\n\t\t<span class=\"icon-quote-left\"><\/span>\n\t\t\tPri uri telovadbe nobeden ni opazil ni\u010d posebnega, moje spodnje hla\u010de so iste kot vse ostale\r\n\t\t<span class=\"icon-quote-right\"><\/span>\n\t<\/p>\n\t<div class=\"client_info\">\n\n\t\t\tJan \n\t\t- <span>11 let<\/span>\t\t\n\t\t\t\t\t\n\t\t\n\n\t<\/div>\n<\/div><\/div>\n<\/div>\n\t\t\t\t\t<\/div>\n\t\t\t\t\t\n\t\t\t\t\t\n\t\t\t\t<\/div>\n\t\t\t[\/vc_column][\/vc_row]<\/p>\n","protected":false},"excerpt":{"rendered":"<p>[vc_row rt_row_background_width=&#8221;fullwidth&#8221; rt_row_content_width=&#8221;default&#8221; rt_row_style=&#8221;alt-style-2&#8243; rt_row_borders=&#8221;&#8221; rt_row_shadows=&#8221;&#8221; rt_row_paddings=&#8221;true&#8221; rt_bg_effect=&#8221;classic&#8221; rt_bg_image_repeat=&#8221;repeat&#8221; rt_bg_size=&#8221;cover&#8221; rt_bg_position=&#8221;center bottom&#8221; rt_bg_attachment=&#8221;scroll&#8221; rt_bg_video_format=&#8221;self-hosted&#8221; rt_padding_top=&#8221;190&#8243; rt_padding_bottom=&#8221;0&#8243; rt_grid=&#8221;&#8221; rt_bg_color=&#8221;#a2a5aa&#8221; rt_bg_overlay_color=&#8221;rgba(162,165,170,0.75)&#8221; rt_bg_image=&#8221;1911&#8243;][vc_column width=&#8221;2\/3&#8243; rt_column_shadow=&#8221;&#8221; rt_bg_image_repeat=&#8221;repeat&#8221; rt_bg_size=&#8221;auto auto&#8221; rt_bg_attachment=&#8221;scroll&#8221;][vc_empty_space height=&#8221;90px&#8221;][\/vc_column][vc_column width=&#8221;1\/3&#8243; rt_column_shadow=&#8221;&#8221; rt_bg_image_repeat=&#8221;repeat&#8221; rt_bg_size=&#8221;auto auto&#8221; rt_bg_attachment=&#8221;scroll&#8221;][vc_column_text] [\/vc_column_text][\/vc_column][\/vc_row][vc_row rt_row_background_width=&#8221;fullwidth&#8221; rt_row_content_width=&#8221;default&#8221; rt_row_style=&#8221;default-style&#8221; rt_row_borders=&#8221;bottom&#8221; rt_row_shadows=&#8221;&#8221; rt_row_paddings=&#8221;true&#8221; rt_bg_effect=&#8221;classic&#8221; rt_bg_image_repeat=&#8221;repeat&#8221; rt_bg_size=&#8221;cover&#8221; rt_bg_position=&#8221;right top&#8221; rt_bg_attachment=&#8221;scroll&#8221; rt_bg_video_format=&#8221;self-hosted&#8221; rt_padding_bottom=&#8221;60&#8243;][vc_column width=&#8221;2\/3&#8243; rt_column_shadow=&#8221;&#8221; rt_bg_image_repeat=&#8221;repeat&#8221; rt_bg_size=&#8221;auto auto&#8221; rt_bg_attachment=&#8221;scroll&#8221;][vc_column_text]Urifoonovi alarmi &#8230; <a class=\"more-link\" href=\"https:\/\/urifoon.tehmed.si\/index.php\/testimonial\/auto-draft-4\/\">Continue reading<\/a><\/p>\n","protected":false},"author":1,"featured_media":0,"parent":0,"menu_order":0,"comment_status":"closed","ping_status":"closed","template":"","meta":[],"_links":{"self":[{"href":"https:\/\/urifoon.tehmed.si\/index.php\/wp-json\/wp\/v2\/pages\/2356"}],"collection":[{"href":"https:\/\/urifoon.tehmed.si\/index.php\/wp-json\/wp\/v2\/pages"}],"about":[{"href":"https:\/\/urifoon.tehmed.si\/index.php\/wp-json\/wp\/v2\/types\/page"}],"author":[{"embeddable":true,"href":"https:\/\/urifoon.tehmed.si\/index.php\/wp-json\/wp\/v2\/users\/1"}],"replies":[{"embeddable":true,"href":"https:\/\/urifoon.tehmed.si\/index.php\/wp-json\/wp\/v2\/comments?post=2356"}],"version-history":[{"count":35,"href":"https:\/\/urifoon.tehmed.si\/index.php\/wp-json\/wp\/v2\/pages\/2356\/revisions"}],"predecessor-version":[{"id":3798,"href":"https:\/\/urifoon.tehmed.si\/index.php\/wp-json\/wp\/v2\/pages\/2356\/revisions\/3798"}],"wp:attachment":[{"href":"https:\/\/urifoon.tehmed.si\/index.php\/wp-json\/wp\/v2\/media?parent=2356"}],"curies":[{"name":"wp","href":"https:\/\/api.w.org\/{rel}","templated":true}]}}